{"id":1396,"date":"2023-04-05T16:51:21","date_gmt":"2023-04-05T21:51:21","guid":{"rendered":"https:\/\/chihuahuabarbaro.com\/?page_id=1396"},"modified":"2023-04-05T16:51:21","modified_gmt":"2023-04-05T21:51:21","slug":"aviso-de-privacidad","status":"publish","type":"page","link":"https:\/\/chihuahuabarbaro.com\/en\/aviso-de-privacidad\/","title":{"rendered":"Aviso de Privacidad"},"content":{"rendered":"<div class=\"page_content_wrap scheme_default\">\n<div class=\"content_wrap\">\n<div class=\"content\">\n<article id=\"post-1119\" class=\"post_item_single post_type_page post-1119 page type-page status-publish hentry\">\n<div class=\"post_content entry-content\">\n<p>Por este medio se les informa a los titulares de Datos Personales que CHIHUAHUA B\u00c1RBARO, con domicilio Cerrada de Morelos # 2226 Colonia Cuauht\u00e9moc c\u00f3digo postal 31020, Chihuahua, Chihuahua es responsable de recabar sus datos personales del uso que se le d\u00e9 a los mismos y de su protecci\u00f3n.<\/p>\n<p>Contacto: Departamento de Direcci\u00f3n a Cargo del Lic. Orlando Barraza Ch\u00e1vez, ubicado en las instalaciones de calle Victoria # 419 Colonia Centro este Sujeto Obligado al correo electr\u00f3nico Orlando_bc@yahoo.com \u2013\u00a0 ventas@chihuahuabarbaro.com o al tel\u00e9fono 614-4250006 l\u00ednea directa<\/p>\n<p><strong>Fines del tratamiento de sus datos personales:<\/strong><\/p>\n<p>Sus datos personales ser\u00e1n utilizados para las siguientes finalidades:<\/p>\n<p>a).- Promover los servicios y productos requeridos por Usted.<\/p>\n<p>b).- Informar sobre cambios o nuevos servicios que est\u00e9n relacionados con lo contratado con los particulares.<\/p>\n<p>c).- Evaluar la calidad del servicio.<\/p>\n<p>d).- Dar cumplimiento a obligaciones contractuales.<\/p>\n<p>&nbsp;<\/p>\n<p><strong>Datos personales recabados:<\/strong><\/p>\n<p>Para las finalidades se\u00f1aladas en el presente aviso de privacidad, sus datos han sido recabados a partir de las siguientes fuentes: proporcionados directamente a Chihuahua B\u00e1rbaro, con domicilio en Calle Victoria # 419 Colonia Centro de la ciudad de Chihuahua, Chihuahua por usted durante paseos locales y\/o paseos for\u00e1neos y\/o representaci\u00f3n de actores u otras fuentes aprobadas por la Ley.<\/p>\n<p>&nbsp;<\/p>\n<p><strong>Datos personales recabados de forma directa:<\/strong><\/p>\n<p>Recabamos sus datos personales de forma directa proporcionados por usted mediante el env\u00edo por correo electr\u00f3nico y\/o en f\u00edsico de los documentos necesarios y que usted aprueba.<\/p>\n<p>Los datos que obtenemos por estos medios son:<\/p>\n<p>Datos Generales. \u2013 Nombre, domicilio, tel\u00e9fonos, correo electr\u00f3nico.<\/p>\n<p>Informaci\u00f3n Legal. \u2013 Credencial de elector.<\/p>\n<p>CHIHUAHUA B\u00c1RBARO se compromete a que estos datos ser\u00e1n tratados bajo las m\u00e1s estrictas medidas de seguridad, garantizando por completo su confidencialidad. Le informamos que el tratamiento de dichos datos es necesario para cumplir las obligaciones derivadas de la organizaci\u00f3n y administraci\u00f3n interna,\u00a0 por la cual de no proporcionarnos dichos datos, no se podr\u00e1 realizar la contrataci\u00f3n. L\u00edmite del uso o divulgaci\u00f3n de sus datos personales: Le informamos que sus datos personales no tendr\u00e1n en ning\u00fan momento fines de comunicaci\u00f3n promocional o publicitaria, garantizando as\u00ed los fines expresados en este aviso de privacidad.<\/p>\n<p>Usted podr\u00e1 limitar el uso o divulgaci\u00f3n de sus datos personales enviando una solicitud a CHIHUAHUA BARBARO al correo electr\u00f3nico ventas@chihuahuabarbaro.com<\/p>\n<p>En caso de que su solicitud proceda, se le registrar\u00e1 en el listado de Acceso, Rectificaci\u00f3n, Cancelaci\u00f3n u Oposici\u00f3n.<\/p>\n<p>Usted tiene derecho de acceder a sus datos personales que se encuentran en posesi\u00f3n de CHIHUAHUA BARBARO y a los detalles del tratamiento de los mismos, as\u00ed como a rectificarlos cuando sean inexactos o incompletos, cancelarlos cuando est\u00e9n siendo utilizados para otros fines no se\u00f1alados o haya finalizado la relaci\u00f3n con CHIHUAHUA BARBARO o bien, oponerse a alg\u00fan fin espec\u00edfico. En este sentido, los mecanismos que se han implementado para el ejercicio de dichos derechos, requisitos y plazos, podr\u00e1n ser revisados en el siguiente enlace: www.chihuahuabarbaro.com<\/p>\n<p>Su petici\u00f3n deber\u00e1 ser realizada a trav\u00e9s del llenado de la solicitud ubicada en el siguiente enlace: ventas@chihuahuabarbaro.com\u00a0\u00a0 Para mayor informaci\u00f3n, favor de comunicarse al tel\u00e9fono 614-4250006 o al correo electr\u00f3nico Orlando_bc@yahoo.com o visitar nuestra p\u00e1gina de Internet http:\/\/www.chihuahuabarbaro.com en la secci\u00f3n de aviso de privacidad. Tratamiento de los datos personales: Sus datos personales pueden ser transferidos y tratados por otros entes distintos a CHIHUAHUA BARBARO. En ese sentido, su informaci\u00f3n que, por la naturaleza de sus trabajos o funciones, tienen la necesidad de tratar y\/o utilizar sus datos CHIHUAHUA BARBARO con el prop\u00f3sito de cumplir aquellas obligaciones que se derivan de la relaci\u00f3n jur\u00eddica existente entre usted como titular de los datos personales y CHIHUAHUA BARBARO.<\/p>\n<p>Se le informa que sus datos no podr\u00e1n ser difundidos sin su consentimiento, salvo las excepciones previstas en el art\u00edculo 29 de la Ley de Protecci\u00f3n de Datos Personales del Estado de Chihuahua, as\u00ed como a realizar esta transferencia en los t\u00e9rminos que fija esa Ley. Modificaciones al aviso de privacidad: En caso de realizarse modificaciones al presente aviso de privacidad estas estar\u00e1n disponibles al p\u00fablico a trav\u00e9s de anuncio visible en nuestras instalaciones y en nuestra p\u00e1gina de Internet http:\/\/www.chihuahuabarbaro.com en la secci\u00f3n de aviso de privacidad. Quejas y denuncias: Si usted considera que su derecho de protecci\u00f3n de datos personales ha sido lesionado o presume que en el tratamiento de sus datos personales existe alguna violaci\u00f3n a las disposiciones previstas en la Ley de Protecci\u00f3n de Datos Personales del Estado de Chihuahua, podr\u00e1 interponer la queja o denuncia correspondiente ante la empresa Chihuahua B\u00e1rbaro, para mayor informaci\u00f3n visite www.chihuahuabarbaro.com o a los tel\u00e9fonos 6142-4250006 con 4 l\u00edneas.<\/p>\n<p><strong>POL\u00cdTICA DE PRIVACIDAD DE CHIHUAHUA B\u00c1RBARO<\/strong><\/p>\n<p><strong>Pol\u00edtica de privacidad<\/strong><\/p>\n<p>CHIHUAHUA BARBARO, le da gran importancia a la confidencialidad y debida protecci\u00f3n de la informaci\u00f3n personal que le es conferida y asume la responsabilidad de manejar sus datos personales con apego a lo previsto en la Ley General de Protecci\u00f3n de Datos Personales en Posesi\u00f3n de Sujetos Obligados, Ley de Protecci\u00f3n de Datos Personales del Estado de Chihuahua, Ley de Transparencia y Acceso a la Informaci\u00f3n P\u00fablica, Ley de Archivos y dem\u00e1s normatividad aplicable vigente.<\/p>\n<p>Para CHIHUAHUA BARBARO resulta necesaria la recopilaci\u00f3n de ciertos datos personales para llevar a cabo sus actividades; asimismo tiene la obligaci\u00f3n legal y social de cumplir con las medidas de seguridad suficientes para proteger esos datos recabados para las finalidades que en el presente Aviso de Privacidad est\u00e9n descritas.<\/p>\n<p>Adem\u00e1s de este Aviso de Privacidad integral, se ha dispuesto uno simplificado -visible en la entrada, as\u00ed como en varias \u00e1reas de esta Secretar\u00eda- con el fin de que usted, en calidad de titular de sus datos personales, est\u00e9 informado previamente a la recopilaci\u00f3n de los mismos y tenga pleno control y decisi\u00f3n sobre ellos. Por lo anterior, le recomendamos que lea atentamente la siguiente informaci\u00f3n.<\/p>\n<p>1. Datos del responsable<\/p>\n<p>CHIHUAHUA BARBARO (ORLANDO BARRAZA CHAVEZ con RFC BACO770806RQ5) ubicado en Calle Victoria # 419 Colonia Centro de Chihuahua, Chih., tel\u00e9fono 614-4250006 con 4 l\u00edneas.<\/p>\n<p>2. Datos personales<\/p>\n<p>En nuestras bases de datos guardamos informaci\u00f3n susceptible de identificaci\u00f3n personal sobre Usted, por ejemplo:<\/p>\n<p>Datos de identificaci\u00f3n como nombre completo, direcci\u00f3n, tel\u00e9fono de casa, celular y\/o de trabajo, firma, edad y nombres de familiares.<\/p>\n<p>Datos de personas morales como nombre, direcci\u00f3n y tel\u00e9fono.<\/p>\n<p>Algunos de estos datos son de car\u00e1cter obligatorio y otros de car\u00e1cter optativo, sin embargo, existe responsabilidad legal para el titular de los mismos en caso de proporcionar informaci\u00f3n falsa o inexacta.<\/p>\n<p>3. Finalidad del tratamiento de datos<\/p>\n<p>Sus datos personales podr\u00e1n ser utilizados con la finalidad de contactar en cualquier cambio en la prestaci\u00f3n de servicios.<\/p>\n<p>4. Medidas de seguridad y confidencialidad de la informaci\u00f3n<\/p>\n<p>La empresa, sus empleados, encargados y en general usuarios que tengan acceso a datos personales en el ejercicio de sus funciones o intervengan en cualquier fase del tratamiento, se comprometen a guardar confidencialidad respecto de su informaci\u00f3n personal, incluso despu\u00e9s de finalizada la relaci\u00f3n entre usted y CHIHUAHUA BARBARO.<\/p>\n<p>5. Transmisi\u00f3n de datos<\/p>\n<p>Le informamos que todos los contratos de prestaci\u00f3n de servicios con terceros, que impliquen el tratamiento de su informaci\u00f3n personal a nombre y por cuenta de Chihuahua B\u00e1rbaro, incluir\u00e1n una cl\u00e1usula que garantice el alto nivel de protecci\u00f3n de datos personales previsto en la Ley General de Protecci\u00f3n de Datos Personales en Posesi\u00f3n de Sujetos Obligados y dem\u00e1s leyes aplicables.<\/p>\n<p>La Empresa se compromete a velar porque se cumplan todos los principios enmarcados en la ley de referencia; de igual forma manifiesta su compromiso para que se respete en todo momento el presente Aviso de Privacidad. La informaci\u00f3n en nuestro poder no se tratar\u00e1 por un per\u00edodo de tiempo mayor al necesario para el cumplimiento de las finalidades se\u00f1aladas o una vez que haya terminado su relaci\u00f3n con la empresa.<\/p>\n<p>6. Ejercicio de los derechos de Acceso, Rectificaci\u00f3n, Cancelaci\u00f3n y Oposici\u00f3n (A.R.C.O.)<\/p>\n<p>Con apego a lo previsto por la Ley General de Datos Personales en Posesi\u00f3n de los Sujetos Obligados, usted o su representante legal tienen el derecho de acceder, rectificar y cancelar sus datos personales, as\u00ed como de oponerse al tratamiento de los mismos o revocar el consentimiento que para tal fin nos ha otorgado. Para conocer dichos procedimientos, requisitos y plazos, puede ponerse en contacto con la Unidad de Transparencia de la Empresa, ya sea acudiendo personalmente, llamando al tel\u00e9fono (614)4250006 l\u00ednea directa o por medio del correo electr\u00f3nico: ventas@chihuahuabarbaro.com<\/p>\n<p>Sus derechos consisten en lo siguiente:<\/p>\n<p>I) Acceso: Implica poder conocer en todo momento sus datos personales en posesi\u00f3n de la Empresa, as\u00ed como conocer el Aviso de Privacidad.<\/p>\n<p>II) Rectificaci\u00f3n: Si alguno de sus datos es inexacto o incompleto, usted podr\u00e1 solicitar su modificaci\u00f3n adjuntando la documentaci\u00f3n que acredite la correcci\u00f3n.<\/p>\n<p>III) Cancelaci\u00f3n: Usted podr\u00e1 requerir, cuando as\u00ed lo considere, la cancelaci\u00f3n de sus datos y en caso de ser procedente, su informaci\u00f3n personal entrar\u00e1 en un periodo de bloqueo para proceder posteriormente a su eliminaci\u00f3n. Al entrar a este periodo, su informaci\u00f3n ya no podr\u00e1 ser tratada por esta Empresa.<\/p>\n<p>IV) Oposici\u00f3n: En todo momento y por causa leg\u00edtima, usted podr\u00e1 objetar el tratamiento que se le da a sus datos personales. Si su solicitud resulta procedente, la Secretar\u00eda ya no podr\u00e1 hacer uso de los mismos.<\/p>\n<p>&nbsp;<\/p>\n<p>7. Transferencia de los datos<\/p>\n<p>La Empresa Chihuahua B\u00e1rbaro no transferir\u00e1 a terceros su informaci\u00f3n personal si no cuenta con su consentimiento expreso, cuando \u00e9ste sea requerido legalmente. No obstante, para cumplir las finalidades descritas anteriormente u otras que puedan ser exigidas legalmente por las autoridades competentes, la Empresa podr\u00e1 comunicar a los descentralizados de esta dependencia y a las autoridades competentes, cierta informaci\u00f3n recopilada de usted, con el fin de que se cumplimenten los objetivos de los programas implementados. Tambi\u00e9n se pueden transmitir sus datos personales a consultores externos con el fin de defender a la Secretar\u00eda en controversias legales que surjan con motivo de la prestaci\u00f3n de los servicios.<\/p>\n<p>Su informaci\u00f3n personal no ser\u00e1 transferida a terceros, a menos que Usted lo haya consentido o que la Secretar\u00eda considere que su comunicaci\u00f3n es necesaria por razones de seguridad estatal, nacional, inter\u00e9s p\u00fablico o para el cumplimiento de sus obligaciones legales.<\/p>\n<p>&nbsp;<\/p>\n<p>8. Cambios al aviso de privacidad<\/p>\n<p>La Empresa podr\u00e1 modificar el presente Aviso de Privacidad y sus pr\u00e1cticas en torno al manejo de su informaci\u00f3n personal; sin embargo, cualquier modificaci\u00f3n sustancial que le afecte, le ser\u00e1 notificada a trav\u00e9s del Portal de Internet http:\/\/www.chihuahuabarbaro.com\u00a0 o a trav\u00e9s del medio de comunicaci\u00f3n que nos haya proporcionado.<\/p>\n<p>&nbsp;<\/p>\n<p>Usted podr\u00e1 oponerse a los nuevos t\u00e9rminos a trav\u00e9s de la Unidad de Transparencia de la Secretar\u00eda (tel. 614 4293300 extensiones 14996) ya sea personalmente o por medio del correo electr\u00f3nico ventas@chihuahuabarbaro.com<\/p>\n<p>&nbsp;<\/p>\n<p>&nbsp;<\/p>\n<p>9. Autoridad competente<\/p>\n<p>Si usted considera que el derecho que tiene a la protecci\u00f3n de sus datos personales ha sido lesionado por alguna conducta u omisi\u00f3n de nuestra parte, o presume alguna violaci\u00f3n a las disposiciones previstas en la Ley Federal de Protecci\u00f3n de Datos Personales en Posesi\u00f3n de los Sujetos Obligados, y dem\u00e1s ordenamientos aplicables, podr\u00e1 interponer su inconformidad o denuncia ante Chihuahua B\u00e1rbaro al Tel. 614 -4250006 con domicilio en Calle Victoria #419 Colonia Centro, Chihuahua, Chih.<\/p>\n<p>&nbsp;<\/p>\n<p><strong>AVISO DE PRIVACIDAD<\/strong><\/p>\n<p>CHIHUAHUA BARBARO (REPRESENTADA POR Orlando Barraza Ch\u00e1vez) recaba datos personales con la finalidad de cumplir con las tareas que por Ley le han sido encomendadas.<\/p>\n<p>De acuerdo con la Ley de Protecci\u00f3n de Datos Personales del Estado de Chihuahua, el titular de los datos en poder de esta Secretar\u00eda podr\u00e1 manifestar su acceso, rectificaci\u00f3n, cancelaci\u00f3n y oposici\u00f3n al tratamiento de los mismos, as\u00ed como negar su consentimiento para que sean transferidos, presentando su solicitud en la Unidad de Transparencia de esta Empresa.<\/p>\n<p>&nbsp;<\/p>\n<p>En el portal de internet http:\/\/www.chihuahuabarbaro.com se puede consultar \u00edntegramente el Aviso de Privacidad.<\/p>\n<\/div>\n<\/article>\n<\/div>\n<\/div>\n<\/div>\n<footer class=\"footer_wrap footer_default scheme_\">\n<div class=\"footer_widgets_wrap widget_area\">\n<div class=\"footer_widgets_inner widget_area_inner\">\n<div class=\"content_wrap\">\n<div class=\"columns_wrap\"><\/div>\n<\/div>\n<\/div>\n<\/div>\n<\/footer>","protected":false},"excerpt":{"rendered":"<p>Por este medio se les informa a los titulares de Datos Personales que CHIHUAHUA B\u00c1RBARO, con domicilio Cerrada de Morelos # 2226 Colonia Cuauht\u00e9moc c\u00f3digo postal 31020, Chihuahua, Chihuahua es [&hellip;]<\/p>","protected":false},"author":1,"featured_media":0,"parent":0,"menu_order":0,"comment_status":"closed","ping_status":"closed","template":"","meta":{"footnotes":""},"class_list":["post-1396","page","type-page","status-publish","hentry"],"_links":{"self":[{"href":"https:\/\/chihuahuabarbaro.com\/en\/wp-json\/wp\/v2\/pages\/1396","targetHints":{"allow":["GET"]}}],"collection":[{"href":"https:\/\/chihuahuabarbaro.com\/en\/wp-json\/wp\/v2\/pages"}],"about":[{"href":"https:\/\/chihuahuabarbaro.com\/en\/wp-json\/wp\/v2\/types\/page"}],"author":[{"embeddable":true,"href":"https:\/\/chihuahuabarbaro.com\/en\/wp-json\/wp\/v2\/users\/1"}],"replies":[{"embeddable":true,"href":"https:\/\/chihuahuabarbaro.com\/en\/wp-json\/wp\/v2\/comments?post=1396"}],"version-history":[{"count":1,"href":"https:\/\/chihuahuabarbaro.com\/en\/wp-json\/wp\/v2\/pages\/1396\/revisions"}],"predecessor-version":[{"id":1397,"href":"https:\/\/chihuahuabarbaro.com\/en\/wp-json\/wp\/v2\/pages\/1396\/revisions\/1397"}],"wp:attachment":[{"href":"https:\/\/chihuahuabarbaro.com\/en\/wp-json\/wp\/v2\/media?parent=1396"}],"curies":[{"name":"wp","href":"https:\/\/api.w.org\/{rel}","templated":true}]}}